{"id":246,"date":"2019-10-10T20:16:06","date_gmt":"2019-10-11T00:16:06","guid":{"rendered":"http:\/\/www.rpmtransit.ca\/?page_id=246"},"modified":"2023-05-31T10:52:50","modified_gmt":"2023-05-31T14:52:50","slug":"contact","status":"publish","type":"page","link":"https:\/\/www.rpmtransit.ca\/fr\/contact\/","title":{"rendered":"Contact"},"content":{"rendered":"\t\t<div data-elementor-type=\"wp-page\" data-elementor-id=\"246\" class=\"elementor elementor-246\">\n\t\t\t\t\t\t<div class=\"elementor-inner\">\n\t\t\t\t<div class=\"elementor-section-wrap\">\n\t\t\t\t\t\t\t\t\t<section class=\"elementor-section elementor-top-section elementor-element elementor-element-701a528 elementor-section-boxed elementor-section-height-default elementor-section-height-default\" data-id=\"701a528\" data-element_type=\"section\">\n\t\t\t\t\t\t<div class=\"elementor-container elementor-column-gap-default\">\n\t\t\t\t\t\t\t<div class=\"elementor-row\">\n\t\t\t\t\t<div class=\"elementor-column elementor-col-33 elementor-top-column elementor-element elementor-element-8488593\" data-id=\"8488593\" data-element_type=\"column\">\n\t\t\t<div class=\"elementor-column-wrap elementor-element-populated\">\n\t\t\t\t\t\t\t<div class=\"elementor-widget-wrap\">\n\t\t\t\t\t\t<div class=\"elementor-element elementor-element-baa754f elementor-widget elementor-widget-heading\" data-id=\"baa754f\" data-element_type=\"widget\" data-widget_type=\"heading.default\">\n\t\t\t\t<div class=\"elementor-widget-container\">\n\t\t\t<h1 class=\"elementor-heading-title elementor-size-default\">Nous contacter<\/h1>\t\t<\/div>\n\t\t\t\t<\/div>\n\t\t\t\t<div class=\"elementor-element elementor-element-550bfd3 elementor-widget elementor-widget-text-editor\" data-id=\"550bfd3\" data-element_type=\"widget\" data-widget_type=\"text-editor.default\">\n\t\t\t\t<div class=\"elementor-widget-container\">\n\t\t\t\t\t\t\t\t<div class=\"elementor-text-editor elementor-clearfix\">\n\t\t\t\tRPM TRANSIT<br>\n284, Chemin Keenan, Melbourne, QC<br>\nJ0B 2B0, CP 3139<br>\nT\u00e9l : 819-826-1661<br>\nT\u00e9l\u00e9c : 819-826-1881\t\t\t\t\t<\/div>\n\t\t\t\t\t\t<\/div>\n\t\t\t\t<\/div>\n\t\t\t\t<div class=\"elementor-element elementor-element-4aea294 elementor-widget elementor-widget-text-editor\" data-id=\"4aea294\" data-element_type=\"widget\" data-widget_type=\"text-editor.default\">\n\t\t\t\t<div class=\"elementor-widget-container\">\n\t\t\t\t\t\t\t\t<div class=\"elementor-text-editor elementor-clearfix\">\n\t\t\t\t<p>Notre \u00e9quipe d\u00e9vou\u00e9e a une influence directe sur la grande croissance que l&#8217;entreprise conna\u00eet. Chaque membre joue un r\u00f4le essentiel dans le but ultime d&#8217;offrir un service professionnel \u00e0 notre pr\u00e9cieuse client\u00e8le.<\/p>\t\t\t\t\t<\/div>\n\t\t\t\t\t\t<\/div>\n\t\t\t\t<\/div>\n\t\t\t\t<div class=\"elementor-element elementor-element-3e1b7cb elementor-widget elementor-widget-image\" data-id=\"3e1b7cb\" data-element_type=\"widget\" data-widget_type=\"image.default\">\n\t\t\t\t<div class=\"elementor-widget-container\">\n\t\t\t\t\t\t\t\t<div class=\"elementor-image\">\n\t\t\t\t\t\t\t\t\t\t\t\t<img decoding=\"async\" loading=\"lazy\" width=\"363\" height=\"559\" src=\"https:\/\/www.rpmtransit.ca\/wp-content\/uploads\/2023\/05\/CaptureSiteWebGOOD1.png\" class=\"attachment-large size-large wp-image-881\" alt=\"\" srcset=\"https:\/\/www.rpmtransit.ca\/wp-content\/uploads\/2023\/05\/CaptureSiteWebGOOD1.png 363w, https:\/\/www.rpmtransit.ca\/wp-content\/uploads\/2023\/05\/CaptureSiteWebGOOD1-195x300.png 195w, https:\/\/www.rpmtransit.ca\/wp-content\/uploads\/2023\/05\/CaptureSiteWebGOOD1-8x12.png 8w, https:\/\/www.rpmtransit.ca\/wp-content\/uploads\/2023\/05\/CaptureSiteWebGOOD1-300x462.png 300w\" sizes=\"(max-width: 363px) 100vw, 363px\" \/>\t\t\t\t\t\t\t\t\t\t\t\t\t\t<\/div>\n\t\t\t\t\t\t<\/div>\n\t\t\t\t<\/div>\n\t\t\t\t\t\t<\/div>\n\t\t\t\t\t<\/div>\n\t\t<\/div>\n\t\t\t\t<div class=\"elementor-column elementor-col-66 elementor-top-column elementor-element elementor-element-b57eb2f\" data-id=\"b57eb2f\" data-element_type=\"column\">\n\t\t\t<div class=\"elementor-column-wrap elementor-element-populated\">\n\t\t\t\t\t\t\t<div class=\"elementor-widget-wrap\">\n\t\t\t\t\t\t<div class=\"elementor-element elementor-element-687a357 elementor-widget elementor-widget-google_maps\" data-id=\"687a357\" data-element_type=\"widget\" data-widget_type=\"google_maps.default\">\n\t\t\t\t<div class=\"elementor-widget-container\">\n\t\t\t\t\t<div class=\"elementor-custom-embed\">\n\t\t\t<iframe loading=\"lazy\"\n\t\t\t\t\tsrc=\"https:\/\/maps.google.com\/maps?q=284%20Chemin%20Keenan%2C%20Melbourne%2C%20QC%20J0B%202B0&#038;t=m&#038;z=15&#038;output=embed&#038;iwloc=near\"\n\t\t\t\t\ttitle=\"284 Chemin Keenan, Melbourne, QC J0B 2B0\"\n\t\t\t\t\taria-label=\"284 Chemin Keenan, Melbourne, QC J0B 2B0\"\n\t\t\t><\/iframe>\n\t\t<\/div>\n\t\t\t\t<\/div>\n\t\t\t\t<\/div>\n\t\t\t\t<div class=\"elementor-element elementor-element-556eaf8 elementor-widget elementor-widget-spacer\" data-id=\"556eaf8\" data-element_type=\"widget\" data-widget_type=\"spacer.default\">\n\t\t\t\t<div class=\"elementor-widget-container\">\n\t\t\t\t\t<div class=\"elementor-spacer\">\n\t\t\t<div class=\"elementor-spacer-inner\"><\/div>\n\t\t<\/div>\n\t\t\t\t<\/div>\n\t\t\t\t<\/div>\n\t\t\t\t\t\t<\/div>\n\t\t\t\t\t<\/div>\n\t\t<\/div>\n\t\t\t\t\t\t\t\t<\/div>\n\t\t\t\t\t<\/div>\n\t\t<\/section>\n\t\t\t\t<section class=\"elementor-section elementor-top-section elementor-element elementor-element-bf824f6 elementor-section-boxed elementor-section-height-default elementor-section-height-default\" data-id=\"bf824f6\" data-element_type=\"section\">\n\t\t\t\t\t\t<div class=\"elementor-container elementor-column-gap-default\">\n\t\t\t\t\t\t\t<div class=\"elementor-row\">\n\t\t\t\t\t<div class=\"elementor-column elementor-col-33 elementor-top-column elementor-element elementor-element-b55496a\" data-id=\"b55496a\" data-element_type=\"column\">\n\t\t\t<div class=\"elementor-column-wrap elementor-element-populated\">\n\t\t\t\t\t\t\t<div class=\"elementor-widget-wrap\">\n\t\t\t\t\t\t<div class=\"elementor-element elementor-element-43e4347 elementor-widget elementor-widget-image\" data-id=\"43e4347\" data-element_type=\"widget\" data-widget_type=\"image.default\">\n\t\t\t\t<div class=\"elementor-widget-container\">\n\t\t\t\t\t\t\t\t<div class=\"elementor-image\">\n\t\t\t\t\t\t\t\t\t\t\t\t\t<a href=\"http:\/\/www.c-tpat.ca\/ctpat.html\" target=\"_blank\">\n\t\t\t\t\t\t\t<img decoding=\"async\" loading=\"lazy\" width=\"400\" height=\"291\" src=\"https:\/\/www.rpmtransit.ca\/wp-content\/uploads\/2019\/10\/CTPAT-and-Supply-chain-security-carolyn-troiano-compliance-trainings.jpg\" class=\"attachment-large size-large wp-image-378\" alt=\"\" srcset=\"https:\/\/www.rpmtransit.ca\/wp-content\/uploads\/2019\/10\/CTPAT-and-Supply-chain-security-carolyn-troiano-compliance-trainings.jpg 400w, https:\/\/www.rpmtransit.ca\/wp-content\/uploads\/2019\/10\/CTPAT-and-Supply-chain-security-carolyn-troiano-compliance-trainings-300x218.jpg 300w\" sizes=\"(max-width: 400px) 100vw, 400px\" \/>\t\t\t\t\t\t\t\t<\/a>\n\t\t\t\t\t\t\t\t\t\t\t\t\t\t<\/div>\n\t\t\t\t\t\t<\/div>\n\t\t\t\t<\/div>\n\t\t\t\t\t\t<\/div>\n\t\t\t\t\t<\/div>\n\t\t<\/div>\n\t\t\t\t<div class=\"elementor-column elementor-col-33 elementor-top-column elementor-element elementor-element-c9d4b53\" data-id=\"c9d4b53\" data-element_type=\"column\">\n\t\t\t<div class=\"elementor-column-wrap elementor-element-populated\">\n\t\t\t\t\t\t\t<div class=\"elementor-widget-wrap\">\n\t\t\t\t\t\t<div class=\"elementor-element elementor-element-8277134 elementor-widget elementor-widget-image\" data-id=\"8277134\" data-element_type=\"widget\" data-widget_type=\"image.default\">\n\t\t\t\t<div class=\"elementor-widget-container\">\n\t\t\t\t\t\t\t\t<div class=\"elementor-image\">\n\t\t\t\t\t\t\t\t\t\t\t\t\t<a href=\"https:\/\/www.epa.gov\/smartway\" target=\"_blank\">\n\t\t\t\t\t\t\t<img decoding=\"async\" loading=\"lazy\" width=\"392\" height=\"160\" src=\"https:\/\/www.rpmtransit.ca\/wp-content\/uploads\/2019\/10\/SmartWay.jpg\" class=\"attachment-large size-large wp-image-379\" alt=\"\" srcset=\"https:\/\/www.rpmtransit.ca\/wp-content\/uploads\/2019\/10\/SmartWay.jpg 392w, https:\/\/www.rpmtransit.ca\/wp-content\/uploads\/2019\/10\/SmartWay-300x122.jpg 300w\" sizes=\"(max-width: 392px) 100vw, 392px\" \/>\t\t\t\t\t\t\t\t<\/a>\n\t\t\t\t\t\t\t\t\t\t\t\t\t\t<\/div>\n\t\t\t\t\t\t<\/div>\n\t\t\t\t<\/div>\n\t\t\t\t\t\t<\/div>\n\t\t\t\t\t<\/div>\n\t\t<\/div>\n\t\t\t\t<div class=\"elementor-column elementor-col-33 elementor-top-column elementor-element elementor-element-c66e9d7\" data-id=\"c66e9d7\" data-element_type=\"column\">\n\t\t\t<div class=\"elementor-column-wrap elementor-element-populated\">\n\t\t\t\t\t\t\t<div class=\"elementor-widget-wrap\">\n\t\t\t\t\t\t<div class=\"elementor-element elementor-element-3353e7d elementor-widget elementor-widget-image\" data-id=\"3353e7d\" data-element_type=\"widget\" data-widget_type=\"image.default\">\n\t\t\t\t<div class=\"elementor-widget-container\">\n\t\t\t\t\t\t\t\t<div class=\"elementor-image\">\n\t\t\t\t\t\t\t\t\t\t\t\t\t<a href=\"https:\/\/www.cbsa-asfc.gc.ca\/prog\/fast-expres\/menu-fra.html\" target=\"_blank\">\n\t\t\t\t\t\t\t<img decoding=\"async\" loading=\"lazy\" width=\"208\" height=\"41\" src=\"https:\/\/www.rpmtransit.ca\/wp-content\/uploads\/2019\/10\/fastlogo.gif\" class=\"attachment-large size-large wp-image-382\" alt=\"\" \/>\t\t\t\t\t\t\t\t<\/a>\n\t\t\t\t\t\t\t\t\t\t\t\t\t\t<\/div>\n\t\t\t\t\t\t<\/div>\n\t\t\t\t<\/div>\n\t\t\t\t\t\t<\/div>\n\t\t\t\t\t<\/div>\n\t\t<\/div>\n\t\t\t\t\t\t\t\t<\/div>\n\t\t\t\t\t<\/div>\n\t\t<\/section>\n\t\t\t\t\t\t\t\t\t<\/div>\n\t\t\t<\/div>\n\t\t\t\t\t<\/div>\n\t\t","protected":false},"excerpt":{"rendered":"<p>Nous contacter RPM TRANSIT 284, Chemin Keenan, Melbourne, QC J0B 2B0, CP 3139 T\u00e9l : 819-826-1661 T\u00e9l\u00e9c : 819-826-1881 Notre \u00e9quipe d\u00e9vou\u00e9e a une influence directe sur la grande croissance que l&#8217;entreprise conna\u00eet. Chaque membre joue un r\u00f4le essentiel dans le but ultime d&#8217;offrir un service professionnel \u00e0 notre pr\u00e9cieuse client\u00e8le.<\/p>\n","protected":false},"author":1,"featured_media":0,"parent":0,"menu_order":0,"comment_status":"closed","ping_status":"closed","template":"","meta":{"footnotes":""},"_links":{"self":[{"href":"https:\/\/www.rpmtransit.ca\/fr\/wp-json\/wp\/v2\/pages\/246"}],"collection":[{"href":"https:\/\/www.rpmtransit.ca\/fr\/wp-json\/wp\/v2\/pages"}],"about":[{"href":"https:\/\/www.rpmtransit.ca\/fr\/wp-json\/wp\/v2\/types\/page"}],"author":[{"embeddable":true,"href":"https:\/\/www.rpmtransit.ca\/fr\/wp-json\/wp\/v2\/users\/1"}],"replies":[{"embeddable":true,"href":"https:\/\/www.rpmtransit.ca\/fr\/wp-json\/wp\/v2\/comments?post=246"}],"version-history":[{"count":20,"href":"https:\/\/www.rpmtransit.ca\/fr\/wp-json\/wp\/v2\/pages\/246\/revisions"}],"predecessor-version":[{"id":884,"href":"https:\/\/www.rpmtransit.ca\/fr\/wp-json\/wp\/v2\/pages\/246\/revisions\/884"}],"wp:attachment":[{"href":"https:\/\/www.rpmtransit.ca\/fr\/wp-json\/wp\/v2\/media?parent=246"}],"curies":[{"name":"wp","href":"https:\/\/api.w.org\/{rel}","templated":true}]}}